{"id":42566,"date":"2024-02-16T10:31:34","date_gmt":"2024-02-16T09:31:34","guid":{"rendered":"https:\/\/sklepnew.vingberg.pl\/?post_type=product&#038;p=42566"},"modified":"2026-04-18T10:11:43","modified_gmt":"2026-04-18T08:11:43","slug":"olejek-lawendowy-tylo-10-ml","status":"publish","type":"product","link":"https:\/\/vingberg.pl\/sklep\/olejek-lawendowy-tylo-10-ml\/","title":{"rendered":"Olejek lawendowy Tyl\u00f6 10 ml"},"content":{"rendered":"<p><strong>Lawendowy olejek \u2013 kwintesencja relaksu i spokoju<\/strong><\/p>\n<p>Przyjemna, uspokajaj\u0105ca wo\u0144 lawendy jest w stanie skutecznie zmniejszy\u0107 napi\u0119cie i ukoi\u0107 nerwy. Cz\u0119sto pomaga ona tak\u017ce w przypadku problem\u00f3w ze snem i regeneruj\u0105cym odpoczynkiem. Relaksuj\u0105ca moc tego zapachu to jednak niejedyna jego zaleta.<\/p>\n<p><strong>Olejek lawendowy Tyl\u00f6 \u2013 korzy\u015bci ze stosowania<\/strong><\/p>\n<p>Olejek lawendowy wykazuje w\u0142a\u015bciwo\u015bci przeciwb\u00f3lowe \u2013 np. przy b\u00f3lach g\u0142owy \u2013 przeciwzaka\u017ane i przeciwreumatyczne. Dzia\u0142a on ponadto bakteriob\u00f3jczo, antyseptycznie i odtruwaj\u0105co. Mo\u017cesz stosowa\u0107 go nie tylko jako olejek eteryczny do k\u0105pieli \u2013 r\u00f3wnie\u017c saunowej \u2013 ale i jako \u015brodek odstraszaj\u0105cy insekty czy \u0142agodz\u0105cy skutki uk\u0105sze\u0144. Co wi\u0119cej, olejek przyspiesza gojenie si\u0119 ran oraz oparze\u0144. Produkt marki\u00a0 Tyl\u00f6 o pojemno\u015bci 10 ml jest wyj\u0105tkowo wydajny \u2013 sprawdzi si\u0119 w wielu codziennych sytuacjach jako remedium na stres i rozmaite dolegliwo\u015bci.<\/p>\n","protected":false},"excerpt":{"rendered":"<p>Aromat lawendy to jeden z tych zapach\u00f3w, kt\u00f3re idealnie relaksuj\u0105 po d\u0142ugim, ci\u0119\u017ckim dniu. Eteryczny olejek lawendowy oka\u017ce si\u0119 wi\u0119c doskona\u0142ym wyborem na wieczorn\u0105 sesj\u0119 w saunie lub do relaksuj\u0105cej k\u0105pieli w balii.<\/p>\n","protected":false},"featured_media":47991,"comment_status":"closed","ping_status":"closed","template":"","meta":[],"product_brand":[],"product_cat":[479],"product_tag":[654],"class_list":{"0":"post-42566","1":"product","2":"type-product","3":"status-publish","4":"has-post-thumbnail","6":"product_cat-aromaty-i-kosmetyki","7":"product_tag-meta-ads","9":"first","10":"instock","11":"sale","12":"shipping-taxable","13":"purchasable","14":"product-type-simple"},"jetpack_sharing_enabled":true,"_links":{"self":[{"href":"https:\/\/vingberg.pl\/sklep\/wp-json\/wp\/v2\/product\/42566","targetHints":{"allow":["GET"]}}],"collection":[{"href":"https:\/\/vingberg.pl\/sklep\/wp-json\/wp\/v2\/product"}],"about":[{"href":"https:\/\/vingberg.pl\/sklep\/wp-json\/wp\/v2\/types\/product"}],"replies":[{"embeddable":true,"href":"https:\/\/vingberg.pl\/sklep\/wp-json\/wp\/v2\/comments?post=42566"}],"version-history":[{"count":3,"href":"https:\/\/vingberg.pl\/sklep\/wp-json\/wp\/v2\/product\/42566\/revisions"}],"predecessor-version":[{"id":49537,"href":"https:\/\/vingberg.pl\/sklep\/wp-json\/wp\/v2\/product\/42566\/revisions\/49537"}],"wp:featuredmedia":[{"embeddable":true,"href":"https:\/\/vingberg.pl\/sklep\/wp-json\/wp\/v2\/media\/47991"}],"wp:attachment":[{"href":"https:\/\/vingberg.pl\/sklep\/wp-json\/wp\/v2\/media?parent=42566"}],"wp:term":[{"taxonomy":"product_brand","embeddable":true,"href":"https:\/\/vingberg.pl\/sklep\/wp-json\/wp\/v2\/product_brand?post=42566"},{"taxonomy":"product_cat","embeddable":true,"href":"https:\/\/vingberg.pl\/sklep\/wp-json\/wp\/v2\/product_cat?post=42566"},{"taxonomy":"product_tag","embeddable":true,"href":"https:\/\/vingberg.pl\/sklep\/wp-json\/wp\/v2\/product_tag?post=42566"}],"curies":[{"name":"wp","href":"https:\/\/api.w.org\/{rel}","templated":true}]}}